{"id":2,"date":"2024-01-31T17:11:03","date_gmt":"2024-01-31T17:11:03","guid":{"rendered":"https:\/\/web4.rkinformatika.net\/ogdgarden\/?page_id=2"},"modified":"2024-03-08T08:08:37","modified_gmt":"2024-03-08T08:08:37","slug":"inicio","status":"publish","type":"page","link":"https:\/\/ogdgarden.es\/eus\/","title":{"rendered":"Hasiera"},"content":{"rendered":"<style>.elementor-2 .elementor-element.elementor-element-1bb4213:not(.elementor-motion-effects-element-type-background), .elementor-2 .elementor-element.elementor-element-1bb4213 > .elementor-motion-effects-container > .elementor-motion-effects-layer{background-image:url(\"https:\/\/ogdgarden.es\/wp-content\/uploads\/2024\/03\/1.png\");background-position:0px -203px;background-size:cover;}.elementor-2 .elementor-element.elementor-element-1bb4213 > .elementor-background-overlay{background-color:var( --e-global-color-070fe8c );opacity:0.5;transition:background 0.3s, border-radius 0.3s, opacity 0.3s;}.elementor-2 .elementor-element.elementor-element-1bb4213{transition:background 0.3s, border 0.3s, border-radius 0.3s, box-shadow 0.3s;padding:300px 0px 350px 0px;}.elementor-2 .elementor-element.elementor-element-c8dc715{text-align:center;}.elementor-2 .elementor-element.elementor-element-c8dc715 .elementor-heading-title{font-size:90px;color:#FFFFFF;}.elementor-2 .elementor-element.elementor-element-350af4d{text-align:center;font-size:21px;color:#FFFFFF;}.elementor-2 .elementor-element.elementor-element-081eace{--display:flex;--flex-direction:row;--container-widget-width:initial;--container-widget-height:100%;--container-widget-flex-grow:1;--container-widget-align-self:stretch;--flex-wrap-mobile:wrap;--gap:0px 0px;--row-gap:0px;--column-gap:0px;--margin-top:0px;--margin-bottom:0px;--margin-left:0px;--margin-right:0px;--padding-top:50px;--padding-bottom:0px;--padding-left:0px;--padding-right:0px;}.elementor-2 .elementor-element.elementor-element-f766128{--display:flex;--flex-direction:column;--container-widget-width:100%;--container-widget-height:initial;--container-widget-flex-grow:0;--container-widget-align-self:initial;--flex-wrap-mobile:wrap;}.elementor-2 .elementor-element.elementor-element-7e86ee3{text-align:start;}.elementor-2 .elementor-element.elementor-element-7e86ee3 .elementor-heading-title{font-size:60px;color:var( --e-global-color-070fe8c );}.elementor-2 .elementor-element.elementor-element-7e86ee3 > .elementor-widget-container{margin:0px 0px 0px 0px;padding:0px 0px 0px 0px;}.elementor-2 .elementor-element.elementor-element-57a58ce{text-align:justify;}.elementor-2 .elementor-element.elementor-element-57a58ce > .elementor-widget-container{margin:0% 0% 0% 0%;}.elementor-2 .elementor-element.elementor-element-7e10e90{--display:flex;--flex-direction:column;--container-widget-width:100%;--container-widget-height:initial;--container-widget-flex-grow:0;--container-widget-align-self:initial;--flex-wrap-mobile:wrap;}.elementor-2 .elementor-element.elementor-element-214d2ee{--display:flex;--flex-direction:column;--container-widget-width:100%;--container-widget-height:initial;--container-widget-flex-grow:0;--container-widget-align-self:initial;--flex-wrap-mobile:wrap;}.elementor-2 .elementor-element.elementor-element-af37607{text-align:center;}.elementor-2 .elementor-element.elementor-element-af37607 .elementor-heading-title{font-size:60px;color:var( --e-global-color-070fe8c );}.elementor-2 .elementor-element.elementor-element-00987d9{--display:flex;--flex-direction:row;--container-widget-width:initial;--container-widget-height:100%;--container-widget-flex-grow:1;--container-widget-align-self:stretch;--flex-wrap-mobile:wrap;--gap:0px 0px;--row-gap:0px;--column-gap:0px;--margin-top:0px;--margin-bottom:0px;--margin-left:0px;--margin-right:0px;--padding-top:50px;--padding-bottom:0px;--padding-left:0px;--padding-right:0px;}.elementor-2 .elementor-element.elementor-element-ab7d930{--display:flex;--flex-direction:column;--container-widget-width:100%;--container-widget-height:initial;--container-widget-flex-grow:0;--container-widget-align-self:initial;--flex-wrap-mobile:wrap;}.elementor-2 .elementor-element.elementor-element-2b8b762{text-align:center;}.elementor-2 .elementor-element.elementor-element-2b8b762 > .elementor-widget-container{margin:0% 17% 0% 17%;}.elementor-2 .elementor-element.elementor-element-7dc5f98{--display:flex;--flex-direction:column;--container-widget-width:100%;--container-widget-height:initial;--container-widget-flex-grow:0;--container-widget-align-self:initial;--flex-wrap-mobile:wrap;}@media(min-width:768px){.elementor-2 .elementor-element.elementor-element-f766128{--width:50%;}.elementor-2 .elementor-element.elementor-element-7e10e90{--width:50%;}.elementor-2 .elementor-element.elementor-element-ab7d930{--width:50%;}.elementor-2 .elementor-element.elementor-element-7dc5f98{--width:50%;}}@media(max-width:1024px){.elementor-2 .elementor-element.elementor-element-1bb4213:not(.elementor-motion-effects-element-type-background), .elementor-2 .elementor-element.elementor-element-1bb4213 > .elementor-motion-effects-container > .elementor-motion-effects-layer{background-position:0px -120px;}.elementor-2 .elementor-element.elementor-element-1bb4213{margin-top:0px;margin-bottom:0px;padding:50px 0px 50px 0px;}.elementor-2 .elementor-element.elementor-element-57a58ce{text-align:justify;font-size:18px;}.elementor-2 .elementor-element.elementor-element-57a58ce > .elementor-widget-container{margin:15px 10px 0px 10px;}.elementor-2 .elementor-element.elementor-element-214d2ee{--margin-top:0px;--margin-bottom:0px;--margin-left:0px;--margin-right:0px;--padding-top:50px;--padding-bottom:0px;--padding-left:0px;--padding-right:0px;}.elementor-2 .elementor-element.elementor-element-00987d9{--margin-top:0px;--margin-bottom:0px;--margin-left:0px;--margin-right:0px;--padding-top:0px;--padding-bottom:0px;--padding-left:0px;--padding-right:0px;}.elementor-2 .elementor-element.elementor-element-2b8b762{text-align:justify;font-size:18px;}.elementor-2 .elementor-element.elementor-element-2b8b762 > .elementor-widget-container{margin:15px 10px 0px 10px;}.elementor-2 .elementor-element.elementor-element-436b542 > .elementor-widget-container{margin:0px 0px 0px 0px;padding:100px 0px 0px 0px;}}@media(max-width:767px){.elementor-2 .elementor-element.elementor-element-1bb4213:not(.elementor-motion-effects-element-type-background), .elementor-2 .elementor-element.elementor-element-1bb4213 > .elementor-motion-effects-container > .elementor-motion-effects-layer{background-position:0px 0px;}.elementor-2 .elementor-element.elementor-element-1bb4213{margin-top:0px;margin-bottom:0px;padding:050px 20px 50px 20px;}.elementor-2 .elementor-element.elementor-element-c8dc715 .elementor-heading-title{font-size:39px;}.elementor-2 .elementor-element.elementor-element-350af4d{font-size:13px;}.elementor-2 .elementor-element.elementor-element-7e86ee3 .elementor-heading-title{font-size:35px;}.elementor-2 .elementor-element.elementor-element-57a58ce{text-align:justify;font-size:16px;}.elementor-2 .elementor-element.elementor-element-57a58ce > .elementor-widget-container{margin:0px 0px 0px 0px;}.elementor-2 .elementor-element.elementor-element-af37607 .elementor-heading-title{font-size:35px;}.elementor-2 .elementor-element.elementor-element-2b8b762{text-align:justify;font-size:16px;}.elementor-2 .elementor-element.elementor-element-2b8b762 > .elementor-widget-container{margin:0px 0px 0px 0px;}.elementor-2 .elementor-element.elementor-element-436b542 > .elementor-widget-container{margin:0px 0px 0px 0px;padding:0px 0px 0px 0px;}}<\/style>\t\t<div data-elementor-type=\"wp-page\" data-elementor-id=\"2\" class=\"elementor elementor-2\" data-elementor-post-type=\"page\">\n\t\t\t\t\t\t<section class=\"elementor-section elementor-top-section elementor-element elementor-element-1bb4213 elementor-section-boxed elementor-section-height-default elementor-section-height-default\" data-id=\"1bb4213\" data-element_type=\"section\" data-e-type=\"section\" data-settings=\"{&quot;background_background&quot;:&quot;classic&quot;}\">\n\t\t\t\t\t\t\t<div class=\"elementor-background-overlay\"><\/div>\n\t\t\t\t\t\t\t<div class=\"elementor-container elementor-column-gap-default\">\n\t\t\t\t\t<div class=\"elementor-column elementor-col-100 elementor-top-column elementor-element elementor-element-51963cf\" data-id=\"51963cf\" data-element_type=\"column\" data-e-type=\"column\">\n\t\t\t<div class=\"elementor-widget-wrap elementor-element-populated\">\n\t\t\t\t\t\t<div class=\"elementor-element elementor-element-c8dc715 elementor-widget elementor-widget-heading\" data-id=\"c8dc715\" data-element_type=\"widget\" data-e-type=\"widget\" data-widget_type=\"heading.default\">\n\t\t\t\t<div class=\"elementor-widget-container\">\n\t\t\t\t\t<h2 class=\"elementor-heading-title elementor-size-default\">OGD Garden S.L<\/h2>\t\t\t\t<\/div>\n\t\t\t\t<\/div>\n\t\t\t\t<div class=\"elementor-element elementor-element-350af4d elementor-widget elementor-widget-text-editor\" data-id=\"350af4d\" data-element_type=\"widget\" data-e-type=\"widget\" data-widget_type=\"text-editor.default\">\n\t\t\t\t<div class=\"elementor-widget-container\">\n\t\t\t\t\t\t\t\t\t<p>Lorategien fabrikazioa eta salmenta, <strong>Corten altzairuzko materialarekin<\/strong><\/p>\t\t\t\t\t\t\t\t<\/div>\n\t\t\t\t<\/div>\n\t\t\t\t\t<\/div>\n\t\t<\/div>\n\t\t\t\t\t<\/div>\n\t\t<\/section>\n\t\t<div class=\"elementor-element elementor-element-081eace elementor-hidden-tablet elementor-hidden-mobile e-flex e-con-boxed e-con e-parent\" data-id=\"081eace\" data-element_type=\"container\" data-e-type=\"container\">\n\t\t\t\t\t<div class=\"e-con-inner\">\n\t\t<div class=\"elementor-element elementor-element-f766128 e-con-full e-flex e-con e-child\" data-id=\"f766128\" data-element_type=\"container\" data-e-type=\"container\">\n\t\t\t\t<div class=\"elementor-element elementor-element-7e86ee3 elementor-widget elementor-widget-heading\" data-id=\"7e86ee3\" data-element_type=\"widget\" data-e-type=\"widget\" data-widget_type=\"heading.default\">\n\t\t\t\t<div class=\"elementor-widget-container\">\n\t\t\t\t\t<h2 class=\"elementor-heading-title elementor-size-default\">Guri Buruz<\/h2>\t\t\t\t<\/div>\n\t\t\t\t<\/div>\n\t\t\t\t<div class=\"elementor-element elementor-element-57a58ce elementor-widget elementor-widget-text-editor\" data-id=\"57a58ce\" data-element_type=\"widget\" data-e-type=\"widget\" data-widget_type=\"text-editor.default\">\n\t\t\t\t<div class=\"elementor-widget-container\">\n\t\t\t\t\t\t\t\t\t<p>Azken bi urteetan, gure bezeroen beharrak asetzeko modu berritzaile eta pertsonalizatuak sortu genituen Acero Corten erabiliz. Profil handiko hainbat proiektutan parte hartzeko aukera izan dugu, besteak beste, Bilboko Kale Nagusian eta Areatzako Udalean. Lorezain, paisajista eta eskultoreekin lan egiten dugu.<\/p><p>Laburbilduz, gure esperientziak, sormenak eta profesionaltasunak aukera onena bihurtzen gaituzte lorategiak corten altzairuz apaintzeko edozein proiektutarako.<\/p>\t\t\t\t\t\t\t\t<\/div>\n\t\t\t\t<\/div>\n\t\t\t\t<\/div>\n\t\t<div class=\"elementor-element elementor-element-7e10e90 e-con-full e-flex e-con e-child\" data-id=\"7e10e90\" data-element_type=\"container\" data-e-type=\"container\">\n\t\t\t\t<div class=\"elementor-element elementor-element-9fe3b29 elementor-widget elementor-widget-image\" data-id=\"9fe3b29\" data-element_type=\"widget\" data-e-type=\"widget\" data-widget_type=\"image.default\">\n\t\t\t\t<div class=\"elementor-widget-container\">\n\t\t\t\t\t\t\t\t\t\t\t\t\t\t\t<img fetchpriority=\"high\" decoding=\"async\" width=\"800\" height=\"552\" src=\"https:\/\/ogdgarden.es\/wp-content\/uploads\/2024\/03\/Imagen-de-WhatsApp-2023-07-21-a-las-15.27.12-1024x706.jpg\" class=\"attachment-large size-large wp-image-890\" alt=\"\" srcset=\"https:\/\/ogdgarden.es\/wp-content\/uploads\/2024\/03\/Imagen-de-WhatsApp-2023-07-21-a-las-15.27.12-1024x706.jpg 1024w, https:\/\/ogdgarden.es\/wp-content\/uploads\/2024\/03\/Imagen-de-WhatsApp-2023-07-21-a-las-15.27.12-300x207.jpg 300w, https:\/\/ogdgarden.es\/wp-content\/uploads\/2024\/03\/Imagen-de-WhatsApp-2023-07-21-a-las-15.27.12-768x530.jpg 768w, https:\/\/ogdgarden.es\/wp-content\/uploads\/2024\/03\/Imagen-de-WhatsApp-2023-07-21-a-las-15.27.12-18x12.jpg 18w, https:\/\/ogdgarden.es\/wp-content\/uploads\/2024\/03\/Imagen-de-WhatsApp-2023-07-21-a-las-15.27.12.jpg 1080w\" sizes=\"(max-width: 800px) 100vw, 800px\" \/>\t\t\t\t\t\t\t\t\t\t\t\t\t\t\t<\/div>\n\t\t\t\t<\/div>\n\t\t\t\t<\/div>\n\t\t\t\t\t<\/div>\n\t\t\t\t<\/div>\n\t\t<div class=\"elementor-element elementor-element-214d2ee elementor-hidden-desktop e-flex e-con-boxed e-con e-parent\" data-id=\"214d2ee\" data-element_type=\"container\" data-e-type=\"container\">\n\t\t\t\t\t<div class=\"e-con-inner\">\n\t\t\t\t<div class=\"elementor-element elementor-element-af37607 elementor-widget elementor-widget-heading\" data-id=\"af37607\" data-element_type=\"widget\" data-e-type=\"widget\" data-widget_type=\"heading.default\">\n\t\t\t\t<div class=\"elementor-widget-container\">\n\t\t\t\t\t<h2 class=\"elementor-heading-title elementor-size-default\">Guri Buruz<\/h2>\t\t\t\t<\/div>\n\t\t\t\t<\/div>\n\t\t\t\t\t<\/div>\n\t\t\t\t<\/div>\n\t\t<div class=\"elementor-element elementor-element-00987d9 elementor-hidden-desktop e-flex e-con-boxed e-con e-parent\" data-id=\"00987d9\" data-element_type=\"container\" data-e-type=\"container\">\n\t\t\t\t\t<div class=\"e-con-inner\">\n\t\t<div class=\"elementor-element elementor-element-ab7d930 e-con-full e-flex e-con e-child\" data-id=\"ab7d930\" data-element_type=\"container\" data-e-type=\"container\">\n\t\t\t\t<div class=\"elementor-element elementor-element-2b8b762 elementor-widget elementor-widget-text-editor\" data-id=\"2b8b762\" data-element_type=\"widget\" data-e-type=\"widget\" data-widget_type=\"text-editor.default\">\n\t\t\t\t<div class=\"elementor-widget-container\">\n\t\t\t\t\t\t\t\t\t<p>Azken bi urteetan, gure bezeroen beharrak asetzeko modu berritzaile eta pertsonalizatuak sortu genituen Acero Corten erabiliz. Profil handiko hainbat proiektutan parte hartzeko aukera izan dugu, besteak beste, Bilboko Kale Nagusian eta Areatzako Udalean. Lorezain, paisajista eta eskultoreekin lan egiten dugu.<\/p><p>Laburbilduz, gure esperientziak, sormenak eta profesionaltasunak aukera onena bihurtzen gaituzte lorategiak corten altzairuz apaintzeko edozein proiektutarako.<\/p>\t\t\t\t\t\t\t\t<\/div>\n\t\t\t\t<\/div>\n\t\t\t\t<\/div>\n\t\t<div class=\"elementor-element elementor-element-7dc5f98 e-con-full e-flex e-con e-child\" data-id=\"7dc5f98\" data-element_type=\"container\" data-e-type=\"container\">\n\t\t\t\t<div class=\"elementor-element elementor-element-436b542 elementor-widget elementor-widget-image\" data-id=\"436b542\" data-element_type=\"widget\" data-e-type=\"widget\" data-widget_type=\"image.default\">\n\t\t\t\t<div class=\"elementor-widget-container\">\n\t\t\t\t\t\t\t\t\t\t\t\t\t\t\t<img fetchpriority=\"high\" decoding=\"async\" width=\"800\" height=\"552\" src=\"https:\/\/ogdgarden.es\/wp-content\/uploads\/2024\/03\/Imagen-de-WhatsApp-2023-07-21-a-las-15.27.12-1024x706.jpg\" class=\"attachment-large size-large wp-image-890\" alt=\"\" srcset=\"https:\/\/ogdgarden.es\/wp-content\/uploads\/2024\/03\/Imagen-de-WhatsApp-2023-07-21-a-las-15.27.12-1024x706.jpg 1024w, https:\/\/ogdgarden.es\/wp-content\/uploads\/2024\/03\/Imagen-de-WhatsApp-2023-07-21-a-las-15.27.12-300x207.jpg 300w, https:\/\/ogdgarden.es\/wp-content\/uploads\/2024\/03\/Imagen-de-WhatsApp-2023-07-21-a-las-15.27.12-768x530.jpg 768w, https:\/\/ogdgarden.es\/wp-content\/uploads\/2024\/03\/Imagen-de-WhatsApp-2023-07-21-a-las-15.27.12-18x12.jpg 18w, https:\/\/ogdgarden.es\/wp-content\/uploads\/2024\/03\/Imagen-de-WhatsApp-2023-07-21-a-las-15.27.12.jpg 1080w\" sizes=\"(max-width: 800px) 100vw, 800px\" \/>\t\t\t\t\t\t\t\t\t\t\t\t\t\t\t<\/div>\n\t\t\t\t<\/div>\n\t\t\t\t<\/div>\n\t\t\t\t\t<\/div>\n\t\t\t\t<\/div>\n\t\t\t\t<\/div>","protected":false},"excerpt":{"rendered":"<p>OGD Garden S.L Fabricaci\u00f3n y venta de jardines, con material Acero Corten Sobre Nosotros Durante los \u00faltimos dos a\u00f1os, creamos formas innovadoras y personalizadas para satisfacer las necesidades de nuestros clientes utilizando Acero Corten. Hemos tenido la oportunidad de participar en numerosos proyectos de alto perfil, incluyendo la Gran V\u00eda de Bilbao y el Ayuntamiento [&hellip;]<\/p>\n","protected":false},"author":1,"featured_media":0,"parent":0,"menu_order":0,"comment_status":"closed","ping_status":"closed","template":"elementor_canvas","meta":{"footnotes":""},"class_list":["post-2","page","type-page","status-publish","hentry"],"yoast_head":"<!-- This site is optimized with the Yoast SEO plugin v27.3 - https:\/\/yoast.com\/product\/yoast-seo-wordpress\/ -->\n<title>Inicio - OGD Garden<\/title>\n<meta name=\"robots\" content=\"index, follow, max-snippet:-1, max-image-preview:large, max-video-preview:-1\" \/>\n<link rel=\"canonical\" href=\"https:\/\/ogdgarden.es\/eus\/\" \/>\n<meta property=\"og:locale\" content=\"en_US\" \/>\n<meta property=\"og:type\" content=\"article\" \/>\n<meta property=\"og:title\" content=\"Inicio - OGD Garden\" \/>\n<meta property=\"og:description\" content=\"OGD Garden S.L Fabricaci\u00f3n y venta de jardines, con material Acero Corten Sobre Nosotros Durante los \u00faltimos dos a\u00f1os, creamos formas innovadoras y personalizadas para satisfacer las necesidades de nuestros clientes utilizando Acero Corten. Hemos tenido la oportunidad de participar en numerosos proyectos de alto perfil, incluyendo la Gran V\u00eda de Bilbao y el Ayuntamiento [&hellip;]\" \/>\n<meta property=\"og:url\" content=\"https:\/\/ogdgarden.es\/eus\/\" \/>\n<meta property=\"og:site_name\" content=\"OGD Garden\" \/>\n<meta property=\"article:modified_time\" content=\"2024-03-08T08:08:37+00:00\" \/>\n<meta property=\"og:image\" content=\"https:\/\/ogdgarden.es\/wp-content\/uploads\/2024\/03\/Imagen-de-WhatsApp-2023-07-21-a-las-15.27.12-1024x706.jpg\" \/>\n<meta name=\"twitter:card\" content=\"summary_large_image\" \/>\n<meta name=\"twitter:label1\" content=\"Est. reading time\" \/>\n\t<meta name=\"twitter:data1\" content=\"1 minutua\" \/>\n<script type=\"application\/ld+json\" class=\"yoast-schema-graph\">{\"@context\":\"https:\\\/\\\/schema.org\",\"@graph\":[{\"@type\":\"WebPage\",\"@id\":\"https:\\\/\\\/ogdgarden.es\\\/\",\"url\":\"https:\\\/\\\/ogdgarden.es\\\/\",\"name\":\"Inicio - OGD Garden\",\"isPartOf\":{\"@id\":\"https:\\\/\\\/ogdgarden.es\\\/#website\"},\"primaryImageOfPage\":{\"@id\":\"https:\\\/\\\/ogdgarden.es\\\/#primaryimage\"},\"image\":{\"@id\":\"https:\\\/\\\/ogdgarden.es\\\/#primaryimage\"},\"thumbnailUrl\":\"https:\\\/\\\/ogdgarden.es\\\/wp-content\\\/uploads\\\/2024\\\/03\\\/Imagen-de-WhatsApp-2023-07-21-a-las-15.27.12-1024x706.jpg\",\"datePublished\":\"2024-01-31T17:11:03+00:00\",\"dateModified\":\"2024-03-08T08:08:37+00:00\",\"breadcrumb\":{\"@id\":\"https:\\\/\\\/ogdgarden.es\\\/#breadcrumb\"},\"inLanguage\":\"eu\",\"potentialAction\":[{\"@type\":\"ReadAction\",\"target\":[\"https:\\\/\\\/ogdgarden.es\\\/\"]}]},{\"@type\":\"ImageObject\",\"inLanguage\":\"eu\",\"@id\":\"https:\\\/\\\/ogdgarden.es\\\/#primaryimage\",\"url\":\"https:\\\/\\\/ogdgarden.es\\\/wp-content\\\/uploads\\\/2024\\\/03\\\/Imagen-de-WhatsApp-2023-07-21-a-las-15.27.12-1024x706.jpg\",\"contentUrl\":\"https:\\\/\\\/ogdgarden.es\\\/wp-content\\\/uploads\\\/2024\\\/03\\\/Imagen-de-WhatsApp-2023-07-21-a-las-15.27.12-1024x706.jpg\"},{\"@type\":\"BreadcrumbList\",\"@id\":\"https:\\\/\\\/ogdgarden.es\\\/#breadcrumb\",\"itemListElement\":[{\"@type\":\"ListItem\",\"position\":1,\"name\":\"Portada\",\"item\":\"https:\\\/\\\/ogdgarden.es\\\/\"},{\"@type\":\"ListItem\",\"position\":2,\"name\":\"Inicio\"}]},{\"@type\":\"WebSite\",\"@id\":\"https:\\\/\\\/ogdgarden.es\\\/#website\",\"url\":\"https:\\\/\\\/ogdgarden.es\\\/\",\"name\":\"OGD Garden\",\"description\":\"\",\"publisher\":{\"@id\":\"https:\\\/\\\/ogdgarden.es\\\/#organization\"},\"potentialAction\":[{\"@type\":\"SearchAction\",\"target\":{\"@type\":\"EntryPoint\",\"urlTemplate\":\"https:\\\/\\\/ogdgarden.es\\\/?s={search_term_string}\"},\"query-input\":{\"@type\":\"PropertyValueSpecification\",\"valueRequired\":true,\"valueName\":\"search_term_string\"}}],\"inLanguage\":\"eu\"},{\"@type\":\"Organization\",\"@id\":\"https:\\\/\\\/ogdgarden.es\\\/#organization\",\"name\":\"OGD Garden\",\"url\":\"https:\\\/\\\/ogdgarden.es\\\/\",\"logo\":{\"@type\":\"ImageObject\",\"inLanguage\":\"eu\",\"@id\":\"https:\\\/\\\/ogdgarden.es\\\/#\\\/schema\\\/logo\\\/image\\\/\",\"url\":\"https:\\\/\\\/ogdgarden.es\\\/wp-content\\\/uploads\\\/2024\\\/03\\\/Garden_Mesa-de-trabajo-1.png\",\"contentUrl\":\"https:\\\/\\\/ogdgarden.es\\\/wp-content\\\/uploads\\\/2024\\\/03\\\/Garden_Mesa-de-trabajo-1.png\",\"width\":852,\"height\":1080,\"caption\":\"OGD Garden\"},\"image\":{\"@id\":\"https:\\\/\\\/ogdgarden.es\\\/#\\\/schema\\\/logo\\\/image\\\/\"}}]}<\/script>\n<!-- \/ Yoast SEO plugin. -->","yoast_head_json":{"title":"Inicio - OGD Garden","robots":{"index":"index","follow":"follow","max-snippet":"max-snippet:-1","max-image-preview":"max-image-preview:large","max-video-preview":"max-video-preview:-1"},"canonical":"https:\/\/ogdgarden.es\/eus\/","og_locale":"en_US","og_type":"article","og_title":"Inicio - OGD Garden","og_description":"OGD Garden S.L Fabricaci\u00f3n y venta de jardines, con material Acero Corten Sobre Nosotros Durante los \u00faltimos dos a\u00f1os, creamos formas innovadoras y personalizadas para satisfacer las necesidades de nuestros clientes utilizando Acero Corten. Hemos tenido la oportunidad de participar en numerosos proyectos de alto perfil, incluyendo la Gran V\u00eda de Bilbao y el Ayuntamiento [&hellip;]","og_url":"https:\/\/ogdgarden.es\/eus\/","og_site_name":"OGD Garden","article_modified_time":"2024-03-08T08:08:37+00:00","og_image":[{"url":"https:\/\/ogdgarden.es\/wp-content\/uploads\/2024\/03\/Imagen-de-WhatsApp-2023-07-21-a-las-15.27.12-1024x706.jpg","type":"","width":"","height":""}],"twitter_card":"summary_large_image","twitter_misc":{"Est. reading time":"1 minutua"},"schema":{"@context":"https:\/\/schema.org","@graph":[{"@type":"WebPage","@id":"https:\/\/ogdgarden.es\/","url":"https:\/\/ogdgarden.es\/","name":"Inicio - OGD Garden","isPartOf":{"@id":"https:\/\/ogdgarden.es\/#website"},"primaryImageOfPage":{"@id":"https:\/\/ogdgarden.es\/#primaryimage"},"image":{"@id":"https:\/\/ogdgarden.es\/#primaryimage"},"thumbnailUrl":"https:\/\/ogdgarden.es\/wp-content\/uploads\/2024\/03\/Imagen-de-WhatsApp-2023-07-21-a-las-15.27.12-1024x706.jpg","datePublished":"2024-01-31T17:11:03+00:00","dateModified":"2024-03-08T08:08:37+00:00","breadcrumb":{"@id":"https:\/\/ogdgarden.es\/#breadcrumb"},"inLanguage":"eu","potentialAction":[{"@type":"ReadAction","target":["https:\/\/ogdgarden.es\/"]}]},{"@type":"ImageObject","inLanguage":"eu","@id":"https:\/\/ogdgarden.es\/#primaryimage","url":"https:\/\/ogdgarden.es\/wp-content\/uploads\/2024\/03\/Imagen-de-WhatsApp-2023-07-21-a-las-15.27.12-1024x706.jpg","contentUrl":"https:\/\/ogdgarden.es\/wp-content\/uploads\/2024\/03\/Imagen-de-WhatsApp-2023-07-21-a-las-15.27.12-1024x706.jpg"},{"@type":"BreadcrumbList","@id":"https:\/\/ogdgarden.es\/#breadcrumb","itemListElement":[{"@type":"ListItem","position":1,"name":"Portada","item":"https:\/\/ogdgarden.es\/"},{"@type":"ListItem","position":2,"name":"Inicio"}]},{"@type":"WebSite","@id":"https:\/\/ogdgarden.es\/#website","url":"https:\/\/ogdgarden.es\/","name":"OGD Garden","description":"","publisher":{"@id":"https:\/\/ogdgarden.es\/#organization"},"potentialAction":[{"@type":"SearchAction","target":{"@type":"EntryPoint","urlTemplate":"https:\/\/ogdgarden.es\/?s={search_term_string}"},"query-input":{"@type":"PropertyValueSpecification","valueRequired":true,"valueName":"search_term_string"}}],"inLanguage":"eu"},{"@type":"Organization","@id":"https:\/\/ogdgarden.es\/#organization","name":"OGD Garden","url":"https:\/\/ogdgarden.es\/","logo":{"@type":"ImageObject","inLanguage":"eu","@id":"https:\/\/ogdgarden.es\/#\/schema\/logo\/image\/","url":"https:\/\/ogdgarden.es\/wp-content\/uploads\/2024\/03\/Garden_Mesa-de-trabajo-1.png","contentUrl":"https:\/\/ogdgarden.es\/wp-content\/uploads\/2024\/03\/Garden_Mesa-de-trabajo-1.png","width":852,"height":1080,"caption":"OGD Garden"},"image":{"@id":"https:\/\/ogdgarden.es\/#\/schema\/logo\/image\/"}}]}},"_links":{"self":[{"href":"https:\/\/ogdgarden.es\/eus\/wp-json\/wp\/v2\/pages\/2","targetHints":{"allow":["GET"]}}],"collection":[{"href":"https:\/\/ogdgarden.es\/eus\/wp-json\/wp\/v2\/pages"}],"about":[{"href":"https:\/\/ogdgarden.es\/eus\/wp-json\/wp\/v2\/types\/page"}],"author":[{"embeddable":true,"href":"https:\/\/ogdgarden.es\/eus\/wp-json\/wp\/v2\/users\/1"}],"replies":[{"embeddable":true,"href":"https:\/\/ogdgarden.es\/eus\/wp-json\/wp\/v2\/comments?post=2"}],"version-history":[{"count":185,"href":"https:\/\/ogdgarden.es\/eus\/wp-json\/wp\/v2\/pages\/2\/revisions"}],"predecessor-version":[{"id":1495,"href":"https:\/\/ogdgarden.es\/eus\/wp-json\/wp\/v2\/pages\/2\/revisions\/1495"}],"wp:attachment":[{"href":"https:\/\/ogdgarden.es\/eus\/wp-json\/wp\/v2\/media?parent=2"}],"curies":[{"name":"wp","href":"https:\/\/api.w.org\/{rel}","templated":true}]}}