{"id":412,"date":"2024-03-04T12:38:25","date_gmt":"2024-03-04T12:38:25","guid":{"rendered":"https:\/\/ogdgarden.rkinformatika.online\/?page_id=412"},"modified":"2024-03-21T09:01:03","modified_gmt":"2024-03-21T09:01:03","slug":"otros","status":"publish","type":"page","link":"https:\/\/ogdgarden.es\/eus\/otros\/","title":{"rendered":"Otros"},"content":{"rendered":"<style>.elementor-412 .elementor-element.elementor-element-32b24f1:not(.elementor-motion-effects-element-type-background), .elementor-412 .elementor-element.elementor-element-32b24f1 > .elementor-motion-effects-container > .elementor-motion-effects-layer{background-color:var( --e-global-color-258ca1b );}.elementor-412 .elementor-element.elementor-element-32b24f1 > .elementor-background-overlay{opacity:0.65;transition:background 0.3s, border-radius 0.3s, opacity 0.3s;}.elementor-412 .elementor-element.elementor-element-32b24f1{transition:background 0.3s, border 0.3s, border-radius 0.3s, box-shadow 0.3s;padding:50px 0px 50px 0px;}.elementor-412 .elementor-element.elementor-element-92b409a{text-align:center;}.elementor-412 .elementor-element.elementor-element-92b409a .elementor-heading-title{font-size:90px;color:#FFFFFF;}.elementor-412 .elementor-element.elementor-element-9e359e1{--display:flex;--flex-direction:row;--container-widget-width:initial;--container-widget-height:100%;--container-widget-flex-grow:1;--container-widget-align-self:stretch;--flex-wrap-mobile:wrap;--gap:0px 0px;--row-gap:0px;--column-gap:0px;--flex-wrap:wrap;--margin-top:0px;--margin-bottom:0px;--margin-left:0px;--margin-right:0px;--padding-top:50px;--padding-bottom:0px;--padding-left:0px;--padding-right:0px;}.elementor-412 .elementor-element.elementor-element-3e3b335{--display:flex;--flex-direction:column;--container-widget-width:100%;--container-widget-height:initial;--container-widget-flex-grow:0;--container-widget-align-self:initial;--flex-wrap-mobile:wrap;}.elementor-412 .elementor-element.elementor-element-bc802a3{--display:flex;--flex-direction:column;--container-widget-width:100%;--container-widget-height:initial;--container-widget-flex-grow:0;--container-widget-align-self:initial;--flex-wrap-mobile:wrap;}.elementor-412 .elementor-element.elementor-element-2d566db{text-align:start;}.elementor-412 .elementor-element.elementor-element-a10f8a4{--display:flex;--flex-direction:column;--container-widget-width:100%;--container-widget-height:initial;--container-widget-flex-grow:0;--container-widget-align-self:initial;--flex-wrap-mobile:wrap;}.elementor-412 .elementor-element.elementor-element-5fab3e8{--display:flex;--flex-direction:column;--container-widget-width:100%;--container-widget-height:initial;--container-widget-flex-grow:0;--container-widget-align-self:initial;--flex-wrap-mobile:wrap;}.elementor-412 .elementor-element.elementor-element-27e78fb{--display:flex;--flex-direction:column;--container-widget-width:100%;--container-widget-height:initial;--container-widget-flex-grow:0;--container-widget-align-self:initial;--flex-wrap-mobile:wrap;}@media(min-width:768px){.elementor-412 .elementor-element.elementor-element-3e3b335{--width:33.3333%;}.elementor-412 .elementor-element.elementor-element-bc802a3{--width:33.3333%;}.elementor-412 .elementor-element.elementor-element-a10f8a4{--width:33.3333%;}.elementor-412 .elementor-element.elementor-element-5fab3e8{--width:33.3333%;}.elementor-412 .elementor-element.elementor-element-27e78fb{--width:66.6666%;}}@media(max-width:1024px){.elementor-412 .elementor-element.elementor-element-32b24f1{margin-top:0px;margin-bottom:0px;padding:50px 0px 50px 0px;}}@media(max-width:767px){.elementor-412 .elementor-element.elementor-element-32b24f1{padding:050px 20px 50px 20px;}.elementor-412 .elementor-element.elementor-element-92b409a .elementor-heading-title{font-size:75px;}}<\/style>\t\t<div data-elementor-type=\"wp-page\" data-elementor-id=\"412\" class=\"elementor elementor-412\" data-elementor-post-type=\"page\">\n\t\t\t\t\t\t<section class=\"elementor-section elementor-top-section elementor-element elementor-element-32b24f1 elementor-section-boxed elementor-section-height-default elementor-section-height-default\" data-id=\"32b24f1\" data-element_type=\"section\" data-e-type=\"section\" data-settings=\"{&quot;background_background&quot;:&quot;classic&quot;}\">\n\t\t\t\t\t\t\t<div class=\"elementor-background-overlay\"><\/div>\n\t\t\t\t\t\t\t<div class=\"elementor-container elementor-column-gap-default\">\n\t\t\t\t\t<div class=\"elementor-column elementor-col-100 elementor-top-column elementor-element elementor-element-8b26379\" data-id=\"8b26379\" data-element_type=\"column\" data-e-type=\"column\">\n\t\t\t<div class=\"elementor-widget-wrap elementor-element-populated\">\n\t\t\t\t\t\t<div class=\"elementor-element elementor-element-92b409a elementor-widget elementor-widget-heading\" data-id=\"92b409a\" data-element_type=\"widget\" data-e-type=\"widget\" data-widget_type=\"heading.default\">\n\t\t\t\t<div class=\"elementor-widget-container\">\n\t\t\t\t\t<h2 class=\"elementor-heading-title elementor-size-default\">Otros<\/h2>\t\t\t\t<\/div>\n\t\t\t\t<\/div>\n\t\t\t\t\t<\/div>\n\t\t<\/div>\n\t\t\t\t\t<\/div>\n\t\t<\/section>\n\t\t<div class=\"elementor-element elementor-element-9e359e1 e-flex e-con-boxed e-con e-parent\" data-id=\"9e359e1\" data-element_type=\"container\" data-e-type=\"container\">\n\t\t\t\t\t<div class=\"e-con-inner\">\n\t\t<div class=\"elementor-element elementor-element-3e3b335 e-con-full e-flex e-con e-child\" data-id=\"3e3b335\" data-element_type=\"container\" data-e-type=\"container\">\n\t\t\t\t<div class=\"elementor-element elementor-element-2012d08 elementor-widget elementor-widget-image\" data-id=\"2012d08\" data-element_type=\"widget\" data-e-type=\"widget\" data-widget_type=\"image.default\">\n\t\t\t\t<div class=\"elementor-widget-container\">\n\t\t\t\t\t\t\t\t\t\t\t\t\t\t\t<img fetchpriority=\"high\" decoding=\"async\" width=\"800\" height=\"683\" src=\"https:\/\/ogdgarden.es\/wp-content\/uploads\/2024\/03\/IMG-20240320-WA0001-e1711011279888-1024x874.jpg\" class=\"attachment-large size-large wp-image-1501\" alt=\"\" srcset=\"https:\/\/ogdgarden.es\/wp-content\/uploads\/2024\/03\/IMG-20240320-WA0001-e1711011279888-1024x874.jpg 1024w, https:\/\/ogdgarden.es\/wp-content\/uploads\/2024\/03\/IMG-20240320-WA0001-e1711011279888-300x256.jpg 300w, https:\/\/ogdgarden.es\/wp-content\/uploads\/2024\/03\/IMG-20240320-WA0001-e1711011279888-768x655.jpg 768w, https:\/\/ogdgarden.es\/wp-content\/uploads\/2024\/03\/IMG-20240320-WA0001-e1711011279888-14x12.jpg 14w, https:\/\/ogdgarden.es\/wp-content\/uploads\/2024\/03\/IMG-20240320-WA0001-e1711011279888.jpg 1532w\" sizes=\"(max-width: 800px) 100vw, 800px\" \/>\t\t\t\t\t\t\t\t\t\t\t\t\t\t\t<\/div>\n\t\t\t\t<\/div>\n\t\t\t\t<\/div>\n\t\t<div class=\"elementor-element elementor-element-bc802a3 e-con-full e-flex e-con e-child\" data-id=\"bc802a3\" data-element_type=\"container\" data-e-type=\"container\">\n\t\t\t\t<div class=\"elementor-element elementor-element-d607e50 elementor-widget elementor-widget-image\" data-id=\"d607e50\" data-element_type=\"widget\" data-e-type=\"widget\" data-widget_type=\"image.default\">\n\t\t\t\t<div class=\"elementor-widget-container\">\n\t\t\t\t\t\t\t\t\t\t\t\t\t\t\t<img decoding=\"async\" width=\"800\" height=\"598\" src=\"https:\/\/ogdgarden.es\/wp-content\/uploads\/2024\/03\/IMG-20240320-WA0015-1024x766.jpg\" class=\"attachment-large size-large wp-image-1516\" alt=\"\" srcset=\"https:\/\/ogdgarden.es\/wp-content\/uploads\/2024\/03\/IMG-20240320-WA0015-1024x766.jpg 1024w, https:\/\/ogdgarden.es\/wp-content\/uploads\/2024\/03\/IMG-20240320-WA0015-300x224.jpg 300w, https:\/\/ogdgarden.es\/wp-content\/uploads\/2024\/03\/IMG-20240320-WA0015-768x575.jpg 768w, https:\/\/ogdgarden.es\/wp-content\/uploads\/2024\/03\/IMG-20240320-WA0015-1536x1149.jpg 1536w, https:\/\/ogdgarden.es\/wp-content\/uploads\/2024\/03\/IMG-20240320-WA0015-16x12.jpg 16w, https:\/\/ogdgarden.es\/wp-content\/uploads\/2024\/03\/IMG-20240320-WA0015.jpg 1600w\" sizes=\"(max-width: 800px) 100vw, 800px\" \/>\t\t\t\t\t\t\t\t\t\t\t\t\t\t\t<\/div>\n\t\t\t\t<\/div>\n\t\t\t\t<div class=\"elementor-element elementor-element-2d566db elementor-widget elementor-widget-text-editor\" data-id=\"2d566db\" data-element_type=\"widget\" data-e-type=\"widget\" data-widget_type=\"text-editor.default\">\n\t\t\t\t<div class=\"elementor-widget-container\">\n\t\t\t\t\t\t\t\t\t<ul><li>Elementos decorativos a medida.<\/li><li>Rejilla para \u00e1rboles.<\/li><li>Bancos de dise\u00f1o.<\/li><li>Otros elementos en acero corten a petici\u00f3n del cliente.<\/li><\/ul>\t\t\t\t\t\t\t\t<\/div>\n\t\t\t\t<\/div>\n\t\t\t\t<\/div>\n\t\t<div class=\"elementor-element elementor-element-a10f8a4 e-con-full e-flex e-con e-child\" data-id=\"a10f8a4\" data-element_type=\"container\" data-e-type=\"container\">\n\t\t\t\t<div class=\"elementor-element elementor-element-8ab101f elementor-widget elementor-widget-image\" data-id=\"8ab101f\" data-element_type=\"widget\" data-e-type=\"widget\" data-widget_type=\"image.default\">\n\t\t\t\t<div class=\"elementor-widget-container\">\n\t\t\t\t\t\t\t\t\t\t\t\t\t\t\t<img decoding=\"async\" width=\"800\" height=\"796\" src=\"https:\/\/ogdgarden.es\/wp-content\/uploads\/2024\/03\/IMG-20240320-WA0009-e1711011642497-1024x1019.jpg\" class=\"attachment-large size-large wp-image-1517\" alt=\"\" srcset=\"https:\/\/ogdgarden.es\/wp-content\/uploads\/2024\/03\/IMG-20240320-WA0009-e1711011642497-1024x1019.jpg 1024w, https:\/\/ogdgarden.es\/wp-content\/uploads\/2024\/03\/IMG-20240320-WA0009-e1711011642497-300x300.jpg 300w, https:\/\/ogdgarden.es\/wp-content\/uploads\/2024\/03\/IMG-20240320-WA0009-e1711011642497-150x150.jpg 150w, https:\/\/ogdgarden.es\/wp-content\/uploads\/2024\/03\/IMG-20240320-WA0009-e1711011642497-768x764.jpg 768w, https:\/\/ogdgarden.es\/wp-content\/uploads\/2024\/03\/IMG-20240320-WA0009-e1711011642497-12x12.jpg 12w, https:\/\/ogdgarden.es\/wp-content\/uploads\/2024\/03\/IMG-20240320-WA0009-e1711011642497.jpg 1532w\" sizes=\"(max-width: 800px) 100vw, 800px\" \/>\t\t\t\t\t\t\t\t\t\t\t\t\t\t\t<\/div>\n\t\t\t\t<\/div>\n\t\t\t\t<\/div>\n\t\t<div class=\"elementor-element elementor-element-5fab3e8 e-con-full e-flex e-con e-child\" data-id=\"5fab3e8\" data-element_type=\"container\" data-e-type=\"container\">\n\t\t\t\t<div class=\"elementor-element elementor-element-6650226 elementor-widget elementor-widget-image\" data-id=\"6650226\" data-element_type=\"widget\" data-e-type=\"widget\" data-widget_type=\"image.default\">\n\t\t\t\t<div class=\"elementor-widget-container\">\n\t\t\t\t\t\t\t\t\t\t\t\t\t\t\t<img loading=\"lazy\" decoding=\"async\" width=\"766\" height=\"1024\" src=\"https:\/\/ogdgarden.es\/wp-content\/uploads\/2024\/03\/IMG-20240320-WA0003-766x1024.jpg\" class=\"attachment-large size-large wp-image-1502\" alt=\"\" srcset=\"https:\/\/ogdgarden.es\/wp-content\/uploads\/2024\/03\/IMG-20240320-WA0003-766x1024.jpg 766w, https:\/\/ogdgarden.es\/wp-content\/uploads\/2024\/03\/IMG-20240320-WA0003-224x300.jpg 224w, https:\/\/ogdgarden.es\/wp-content\/uploads\/2024\/03\/IMG-20240320-WA0003-768x1027.jpg 768w, https:\/\/ogdgarden.es\/wp-content\/uploads\/2024\/03\/IMG-20240320-WA0003-1149x1536.jpg 1149w, https:\/\/ogdgarden.es\/wp-content\/uploads\/2024\/03\/IMG-20240320-WA0003-9x12.jpg 9w, https:\/\/ogdgarden.es\/wp-content\/uploads\/2024\/03\/IMG-20240320-WA0003.jpg 1532w\" sizes=\"(max-width: 766px) 100vw, 766px\" \/>\t\t\t\t\t\t\t\t\t\t\t\t\t\t\t<\/div>\n\t\t\t\t<\/div>\n\t\t\t\t<\/div>\n\t\t<div class=\"elementor-element elementor-element-27e78fb e-con-full e-flex e-con e-child\" data-id=\"27e78fb\" data-element_type=\"container\" data-e-type=\"container\">\n\t\t\t\t<div class=\"elementor-element elementor-element-9c76a7a elementor-widget elementor-widget-image\" data-id=\"9c76a7a\" data-element_type=\"widget\" data-e-type=\"widget\" data-widget_type=\"image.default\">\n\t\t\t\t<div class=\"elementor-widget-container\">\n\t\t\t\t\t\t\t\t\t\t\t\t\t\t\t<img loading=\"lazy\" decoding=\"async\" width=\"800\" height=\"428\" src=\"https:\/\/ogdgarden.es\/wp-content\/uploads\/2024\/03\/IMG-20240320-WA0005-e1711011242100-1024x548.jpg\" class=\"attachment-large size-large wp-image-1497\" alt=\"\" srcset=\"https:\/\/ogdgarden.es\/wp-content\/uploads\/2024\/03\/IMG-20240320-WA0005-e1711011242100-1024x548.jpg 1024w, https:\/\/ogdgarden.es\/wp-content\/uploads\/2024\/03\/IMG-20240320-WA0005-e1711011242100-300x161.jpg 300w, https:\/\/ogdgarden.es\/wp-content\/uploads\/2024\/03\/IMG-20240320-WA0005-e1711011242100-768x411.jpg 768w, https:\/\/ogdgarden.es\/wp-content\/uploads\/2024\/03\/IMG-20240320-WA0005-e1711011242100-18x10.jpg 18w, https:\/\/ogdgarden.es\/wp-content\/uploads\/2024\/03\/IMG-20240320-WA0005-e1711011242100.jpg 1394w\" sizes=\"(max-width: 800px) 100vw, 800px\" \/>\t\t\t\t\t\t\t\t\t\t\t\t\t\t\t<\/div>\n\t\t\t\t<\/div>\n\t\t\t\t<\/div>\n\t\t\t\t\t<\/div>\n\t\t\t\t<\/div>\n\t\t\t\t<\/div>","protected":false},"excerpt":{"rendered":"<p>Otros Elementos decorativos a medida. Rejilla para \u00e1rboles. Bancos de dise\u00f1o. Otros elementos en acero corten a petici\u00f3n del cliente.<\/p>","protected":false},"author":1,"featured_media":0,"parent":0,"menu_order":0,"comment_status":"closed","ping_status":"closed","template":"elementor_canvas","meta":{"footnotes":""},"class_list":["post-412","page","type-page","status-publish","hentry"],"yoast_head":"<!-- This site is optimized with the Yoast SEO plugin v27.3 - https:\/\/yoast.com\/product\/yoast-seo-wordpress\/ -->\n<title>Otros - OGD Garden<\/title>\n<meta name=\"robots\" content=\"index, follow, max-snippet:-1, max-image-preview:large, max-video-preview:-1\" \/>\n<link rel=\"canonical\" href=\"https:\/\/ogdgarden.es\/eus\/otros\/\" \/>\n<meta property=\"og:locale\" content=\"en_US\" \/>\n<meta property=\"og:type\" content=\"article\" \/>\n<meta property=\"og:title\" content=\"Otros - OGD Garden\" \/>\n<meta property=\"og:description\" content=\"Otros Elementos decorativos a medida. Rejilla para \u00e1rboles. Bancos de dise\u00f1o. Otros elementos en acero corten a petici\u00f3n del cliente.\" \/>\n<meta property=\"og:url\" content=\"https:\/\/ogdgarden.es\/eus\/otros\/\" \/>\n<meta property=\"og:site_name\" content=\"OGD Garden\" \/>\n<meta property=\"article:modified_time\" content=\"2024-03-21T09:01:03+00:00\" \/>\n<meta property=\"og:image\" content=\"https:\/\/ogdgarden.es\/wp-content\/uploads\/2024\/03\/IMG-20240320-WA0001-e1711011279888-1024x874.jpg\" \/>\n<meta name=\"twitter:card\" content=\"summary_large_image\" \/>\n<meta name=\"twitter:label1\" content=\"Est. reading time\" \/>\n\t<meta name=\"twitter:data1\" content=\"2 minutua\" \/>\n<script type=\"application\/ld+json\" class=\"yoast-schema-graph\">{\"@context\":\"https:\\\/\\\/schema.org\",\"@graph\":[{\"@type\":\"WebPage\",\"@id\":\"https:\\\/\\\/ogdgarden.es\\\/otros\\\/\",\"url\":\"https:\\\/\\\/ogdgarden.es\\\/otros\\\/\",\"name\":\"Otros - OGD Garden\",\"isPartOf\":{\"@id\":\"https:\\\/\\\/ogdgarden.es\\\/#website\"},\"primaryImageOfPage\":{\"@id\":\"https:\\\/\\\/ogdgarden.es\\\/otros\\\/#primaryimage\"},\"image\":{\"@id\":\"https:\\\/\\\/ogdgarden.es\\\/otros\\\/#primaryimage\"},\"thumbnailUrl\":\"https:\\\/\\\/ogdgarden.es\\\/wp-content\\\/uploads\\\/2024\\\/03\\\/IMG-20240320-WA0001-e1711011279888-1024x874.jpg\",\"datePublished\":\"2024-03-04T12:38:25+00:00\",\"dateModified\":\"2024-03-21T09:01:03+00:00\",\"breadcrumb\":{\"@id\":\"https:\\\/\\\/ogdgarden.es\\\/otros\\\/#breadcrumb\"},\"inLanguage\":\"eu\",\"potentialAction\":[{\"@type\":\"ReadAction\",\"target\":[\"https:\\\/\\\/ogdgarden.es\\\/otros\\\/\"]}]},{\"@type\":\"ImageObject\",\"inLanguage\":\"eu\",\"@id\":\"https:\\\/\\\/ogdgarden.es\\\/otros\\\/#primaryimage\",\"url\":\"https:\\\/\\\/ogdgarden.es\\\/wp-content\\\/uploads\\\/2024\\\/03\\\/IMG-20240320-WA0001-e1711011279888-1024x874.jpg\",\"contentUrl\":\"https:\\\/\\\/ogdgarden.es\\\/wp-content\\\/uploads\\\/2024\\\/03\\\/IMG-20240320-WA0001-e1711011279888-1024x874.jpg\"},{\"@type\":\"BreadcrumbList\",\"@id\":\"https:\\\/\\\/ogdgarden.es\\\/otros\\\/#breadcrumb\",\"itemListElement\":[{\"@type\":\"ListItem\",\"position\":1,\"name\":\"Portada\",\"item\":\"https:\\\/\\\/ogdgarden.es\\\/\"},{\"@type\":\"ListItem\",\"position\":2,\"name\":\"Otros\"}]},{\"@type\":\"WebSite\",\"@id\":\"https:\\\/\\\/ogdgarden.es\\\/#website\",\"url\":\"https:\\\/\\\/ogdgarden.es\\\/\",\"name\":\"OGD Garden\",\"description\":\"\",\"publisher\":{\"@id\":\"https:\\\/\\\/ogdgarden.es\\\/#organization\"},\"potentialAction\":[{\"@type\":\"SearchAction\",\"target\":{\"@type\":\"EntryPoint\",\"urlTemplate\":\"https:\\\/\\\/ogdgarden.es\\\/?s={search_term_string}\"},\"query-input\":{\"@type\":\"PropertyValueSpecification\",\"valueRequired\":true,\"valueName\":\"search_term_string\"}}],\"inLanguage\":\"eu\"},{\"@type\":\"Organization\",\"@id\":\"https:\\\/\\\/ogdgarden.es\\\/#organization\",\"name\":\"OGD Garden\",\"url\":\"https:\\\/\\\/ogdgarden.es\\\/\",\"logo\":{\"@type\":\"ImageObject\",\"inLanguage\":\"eu\",\"@id\":\"https:\\\/\\\/ogdgarden.es\\\/#\\\/schema\\\/logo\\\/image\\\/\",\"url\":\"https:\\\/\\\/ogdgarden.es\\\/wp-content\\\/uploads\\\/2024\\\/03\\\/Garden_Mesa-de-trabajo-1.png\",\"contentUrl\":\"https:\\\/\\\/ogdgarden.es\\\/wp-content\\\/uploads\\\/2024\\\/03\\\/Garden_Mesa-de-trabajo-1.png\",\"width\":852,\"height\":1080,\"caption\":\"OGD Garden\"},\"image\":{\"@id\":\"https:\\\/\\\/ogdgarden.es\\\/#\\\/schema\\\/logo\\\/image\\\/\"}}]}<\/script>\n<!-- \/ Yoast SEO plugin. -->","yoast_head_json":{"title":"Otros - OGD Garden","robots":{"index":"index","follow":"follow","max-snippet":"max-snippet:-1","max-image-preview":"max-image-preview:large","max-video-preview":"max-video-preview:-1"},"canonical":"https:\/\/ogdgarden.es\/eus\/otros\/","og_locale":"en_US","og_type":"article","og_title":"Otros - OGD Garden","og_description":"Otros Elementos decorativos a medida. Rejilla para \u00e1rboles. Bancos de dise\u00f1o. Otros elementos en acero corten a petici\u00f3n del cliente.","og_url":"https:\/\/ogdgarden.es\/eus\/otros\/","og_site_name":"OGD Garden","article_modified_time":"2024-03-21T09:01:03+00:00","og_image":[{"url":"https:\/\/ogdgarden.es\/wp-content\/uploads\/2024\/03\/IMG-20240320-WA0001-e1711011279888-1024x874.jpg","type":"","width":"","height":""}],"twitter_card":"summary_large_image","twitter_misc":{"Est. reading time":"2 minutua"},"schema":{"@context":"https:\/\/schema.org","@graph":[{"@type":"WebPage","@id":"https:\/\/ogdgarden.es\/otros\/","url":"https:\/\/ogdgarden.es\/otros\/","name":"Otros - OGD Garden","isPartOf":{"@id":"https:\/\/ogdgarden.es\/#website"},"primaryImageOfPage":{"@id":"https:\/\/ogdgarden.es\/otros\/#primaryimage"},"image":{"@id":"https:\/\/ogdgarden.es\/otros\/#primaryimage"},"thumbnailUrl":"https:\/\/ogdgarden.es\/wp-content\/uploads\/2024\/03\/IMG-20240320-WA0001-e1711011279888-1024x874.jpg","datePublished":"2024-03-04T12:38:25+00:00","dateModified":"2024-03-21T09:01:03+00:00","breadcrumb":{"@id":"https:\/\/ogdgarden.es\/otros\/#breadcrumb"},"inLanguage":"eu","potentialAction":[{"@type":"ReadAction","target":["https:\/\/ogdgarden.es\/otros\/"]}]},{"@type":"ImageObject","inLanguage":"eu","@id":"https:\/\/ogdgarden.es\/otros\/#primaryimage","url":"https:\/\/ogdgarden.es\/wp-content\/uploads\/2024\/03\/IMG-20240320-WA0001-e1711011279888-1024x874.jpg","contentUrl":"https:\/\/ogdgarden.es\/wp-content\/uploads\/2024\/03\/IMG-20240320-WA0001-e1711011279888-1024x874.jpg"},{"@type":"BreadcrumbList","@id":"https:\/\/ogdgarden.es\/otros\/#breadcrumb","itemListElement":[{"@type":"ListItem","position":1,"name":"Portada","item":"https:\/\/ogdgarden.es\/"},{"@type":"ListItem","position":2,"name":"Otros"}]},{"@type":"WebSite","@id":"https:\/\/ogdgarden.es\/#website","url":"https:\/\/ogdgarden.es\/","name":"OGD Garden","description":"","publisher":{"@id":"https:\/\/ogdgarden.es\/#organization"},"potentialAction":[{"@type":"SearchAction","target":{"@type":"EntryPoint","urlTemplate":"https:\/\/ogdgarden.es\/?s={search_term_string}"},"query-input":{"@type":"PropertyValueSpecification","valueRequired":true,"valueName":"search_term_string"}}],"inLanguage":"eu"},{"@type":"Organization","@id":"https:\/\/ogdgarden.es\/#organization","name":"OGD Garden","url":"https:\/\/ogdgarden.es\/","logo":{"@type":"ImageObject","inLanguage":"eu","@id":"https:\/\/ogdgarden.es\/#\/schema\/logo\/image\/","url":"https:\/\/ogdgarden.es\/wp-content\/uploads\/2024\/03\/Garden_Mesa-de-trabajo-1.png","contentUrl":"https:\/\/ogdgarden.es\/wp-content\/uploads\/2024\/03\/Garden_Mesa-de-trabajo-1.png","width":852,"height":1080,"caption":"OGD Garden"},"image":{"@id":"https:\/\/ogdgarden.es\/#\/schema\/logo\/image\/"}}]}},"_links":{"self":[{"href":"https:\/\/ogdgarden.es\/eus\/wp-json\/wp\/v2\/pages\/412","targetHints":{"allow":["GET"]}}],"collection":[{"href":"https:\/\/ogdgarden.es\/eus\/wp-json\/wp\/v2\/pages"}],"about":[{"href":"https:\/\/ogdgarden.es\/eus\/wp-json\/wp\/v2\/types\/page"}],"author":[{"embeddable":true,"href":"https:\/\/ogdgarden.es\/eus\/wp-json\/wp\/v2\/users\/1"}],"replies":[{"embeddable":true,"href":"https:\/\/ogdgarden.es\/eus\/wp-json\/wp\/v2\/comments?post=412"}],"version-history":[{"count":58,"href":"https:\/\/ogdgarden.es\/eus\/wp-json\/wp\/v2\/pages\/412\/revisions"}],"predecessor-version":[{"id":1520,"href":"https:\/\/ogdgarden.es\/eus\/wp-json\/wp\/v2\/pages\/412\/revisions\/1520"}],"wp:attachment":[{"href":"https:\/\/ogdgarden.es\/eus\/wp-json\/wp\/v2\/media?parent=412"}],"curies":[{"name":"wp","href":"https:\/\/api.w.org\/{rel}","templated":true}]}}